{"id":7243,"date":"2023-10-10T05:36:17","date_gmt":"2023-10-10T05:36:17","guid":{"rendered":"https:\/\/hazaybikes.com\/?post_type=product&#038;p=7243"},"modified":"2024-04-17T14:39:52","modified_gmt":"2024-04-17T14:39:52","slug":"transporter-dla-psa","status":"publish","type":"product","link":"https:\/\/hazaybikes.com\/pl\/produkt\/transporter-dla-psa\/","title":{"rendered":"Transporter dla Psa"},"content":{"rendered":"<p>Transporter, aka &#8222;Psi Tron&#8221;, jest zaprojektowany z my\u015bl\u0105 o wygodzie i bezpiecze\u0144stwie Twojego pupila na rowerze cargo. Wszystkie wype\u0142nienia wn\u0119trza s\u0105 \u0142atwe do wyj\u0119cia, co u\u0142atwia czyszczenie pod\u0142ogi i pokrowca. Specjalna smycz-uprz\u0105\u017c, dost\u0119pna w wielu rozmiarach, zapewnia bezpiecze\u0144stwo podczas jazdy.<\/p>\n<p>Transporter zosta\u0142 zaprojektowany i wyprodukowany we wsp\u00f3\u0142pracy z pozna\u0144sk\u0105 firm\u0105 <a href=\"https:\/\/bebobi.pl\/\" target=\"_blank\" rel=\"noopener\">Bebobi<\/a>, kt\u00f3ra specjalizuje si\u0119 w tworzeniu akcesori\u00f3w dla ps\u00f3w. W procesie produkcyjnym wykorzystali\u015bmy sprawdzone rozwi\u0105zania z psich transporter\u00f3w samochodowych.<\/p>\n<p>&nbsp;<\/p>\n<p><img fetchpriority=\"high\" decoding=\"async\" class=\"aligncenter wp-image-8415 size-large\" src=\"https:\/\/hazaybikes.com\/wp-content\/uploads\/2024\/02\/Hazay_family_psi_tron_1-1024x683.webp\" alt=\"\" width=\"1024\" height=\"683\" srcset=\"https:\/\/hazaybikes.com\/wp-content\/uploads\/2024\/02\/Hazay_family_psi_tron_1-1024x683.webp 1024w, https:\/\/hazaybikes.com\/wp-content\/uploads\/2024\/02\/Hazay_family_psi_tron_1-300x200.webp 300w, https:\/\/hazaybikes.com\/wp-content\/uploads\/2024\/02\/Hazay_family_psi_tron_1-768x512.webp 768w, https:\/\/hazaybikes.com\/wp-content\/uploads\/2024\/02\/Hazay_family_psi_tron_1-1536x1024.webp 1536w, https:\/\/hazaybikes.com\/wp-content\/uploads\/2024\/02\/Hazay_family_psi_tron_1-2048x1365.webp 2048w, https:\/\/hazaybikes.com\/wp-content\/uploads\/2024\/02\/Hazay_family_psi_tron_1-1400x933.webp 1400w\" sizes=\"(max-width: 1024px) 100vw, 1024px\" \/><\/p>\n<p><img decoding=\"async\" class=\"aligncenter wp-image-8417 size-large\" src=\"https:\/\/hazaybikes.com\/wp-content\/uploads\/2024\/02\/Hazay_family_psi_tron_2-1024x683.webp\" alt=\"\" width=\"1024\" height=\"683\" srcset=\"https:\/\/hazaybikes.com\/wp-content\/uploads\/2024\/02\/Hazay_family_psi_tron_2-1024x683.webp 1024w, https:\/\/hazaybikes.com\/wp-content\/uploads\/2024\/02\/Hazay_family_psi_tron_2-300x200.webp 300w, https:\/\/hazaybikes.com\/wp-content\/uploads\/2024\/02\/Hazay_family_psi_tron_2-768x512.webp 768w, https:\/\/hazaybikes.com\/wp-content\/uploads\/2024\/02\/Hazay_family_psi_tron_2-1536x1024.webp 1536w, https:\/\/hazaybikes.com\/wp-content\/uploads\/2024\/02\/Hazay_family_psi_tron_2-2048x1365.webp 2048w, https:\/\/hazaybikes.com\/wp-content\/uploads\/2024\/02\/Hazay_family_psi_tron_2-1400x933.webp 1400w\" sizes=\"(max-width: 1024px) 100vw, 1024px\" \/><\/p>\n<p>&nbsp;<\/p>\n","protected":false},"excerpt":{"rendered":"<p>Transporter jest zaprojektowany z my\u015bl\u0105 o wygodzie i bezpiecze\u0144stwie Twojego pupila na rowerze cargo. Wszystkie wype\u0142nienia wn\u0119trza s\u0105 \u0142atwe do wyj\u0119cia, co u\u0142atwia czyszczenie pod\u0142ogi i pokrowca. Specjalna smycz-uprz\u0105\u017c, dost\u0119pna w wielu rozmiarach, zapewnia bezpiecze\u0144stwo podczas jazdy.<\/p>\n","protected":false},"featured_media":7205,"comment_status":"open","ping_status":"closed","template":"","meta":[],"product_brand":[],"product_cat":[59],"product_tag":[],"class_list":{"0":"post-7243","1":"product","2":"type-product","3":"status-publish","4":"has-post-thumbnail","6":"product_cat-akcesoria","8":"first","9":"instock","10":"taxable","11":"shipping-taxable","12":"purchasable","13":"product-type-simple"},"_links":{"self":[{"href":"https:\/\/hazaybikes.com\/pl\/wp-json\/wp\/v2\/product\/7243","targetHints":{"allow":["GET"]}}],"collection":[{"href":"https:\/\/hazaybikes.com\/pl\/wp-json\/wp\/v2\/product"}],"about":[{"href":"https:\/\/hazaybikes.com\/pl\/wp-json\/wp\/v2\/types\/product"}],"replies":[{"embeddable":true,"href":"https:\/\/hazaybikes.com\/pl\/wp-json\/wp\/v2\/comments?post=7243"}],"version-history":[{"count":1,"href":"https:\/\/hazaybikes.com\/pl\/wp-json\/wp\/v2\/product\/7243\/revisions"}],"predecessor-version":[{"id":9259,"href":"https:\/\/hazaybikes.com\/pl\/wp-json\/wp\/v2\/product\/7243\/revisions\/9259"}],"wp:featuredmedia":[{"embeddable":true,"href":"https:\/\/hazaybikes.com\/pl\/wp-json\/wp\/v2\/media\/7205"}],"wp:attachment":[{"href":"https:\/\/hazaybikes.com\/pl\/wp-json\/wp\/v2\/media?parent=7243"}],"wp:term":[{"taxonomy":"product_brand","embeddable":true,"href":"https:\/\/hazaybikes.com\/pl\/wp-json\/wp\/v2\/product_brand?post=7243"},{"taxonomy":"product_cat","embeddable":true,"href":"https:\/\/hazaybikes.com\/pl\/wp-json\/wp\/v2\/product_cat?post=7243"},{"taxonomy":"product_tag","embeddable":true,"href":"https:\/\/hazaybikes.com\/pl\/wp-json\/wp\/v2\/product_tag?post=7243"}],"curies":[{"name":"wp","href":"https:\/\/api.w.org\/{rel}","templated":true}]}}