{"id":7239,"date":"2023-10-10T05:34:55","date_gmt":"2023-10-10T05:34:55","guid":{"rendered":"https:\/\/hazaybikes.com\/?post_type=product&#038;p=7239"},"modified":"2024-02-01T22:46:27","modified_gmt":"2024-02-01T22:46:27","slug":"daszek-na-kazda-pogode","status":"publish","type":"product","link":"https:\/\/hazaybikes.com\/pl\/produkt\/daszek-na-kazda-pogode\/","title":{"rendered":"Daszek na Ka\u017cd\u0105 Pogod\u0119"},"content":{"rendered":"<p>Sprawdzi si\u0119 podczas deszczu, aby Twoje pociechy nie zmok\u0142y, a w trakcie letnich wypraw zapewni im ochron\u0119 przed s\u0142o\u0144cem. Daszek posiada 2 zwijane panele boczne, kt\u00f3re mo\u017cna odchyli\u0107 do g\u00f3ry dla szybkiego dost\u0119pu. Konstrukcja zosta\u0142a wykonana z wysokiej jako\u015bci Cordury. Wyprodukowano w Polsce.<\/p>\n<p>Daszek pasuje do ka\u017cdej konfiguracji roweru (boczne burty, siedzisko dzieci\u0119cy, transporter dla psa), z wyj\u0105tkiem konstrukcji z boxem cargo.<\/p>\n<p>Monta\u017c i demonta\u017c daszku przeciwdeszczowego jest szybki i prosty, nie wymaga u\u017cycia narz\u0119dzi i zajmuje mniej ni\u017c minut\u0119. Daszek jest mocowany do roweru przez wsuni\u0119cie stela\u017ca w dedykowane adaptery. Dla dodatkowej stabilizacji i nadania kszta\u0142tu daszku, wykorzystuje si\u0119 elastyczne linki w czterech punktach mocowania.<\/p>\n<p><img fetchpriority=\"high\" decoding=\"async\" class=\"wp-image-8407 size-large aligncenter\" src=\"https:\/\/hazaybikes.com\/wp-content\/uploads\/2024\/02\/Hazay_family_daszek_1-1024x683.webp\" alt=\"\" width=\"1024\" height=\"683\" srcset=\"https:\/\/hazaybikes.com\/wp-content\/uploads\/2024\/02\/Hazay_family_daszek_1-1024x683.webp 1024w, https:\/\/hazaybikes.com\/wp-content\/uploads\/2024\/02\/Hazay_family_daszek_1-300x200.webp 300w, https:\/\/hazaybikes.com\/wp-content\/uploads\/2024\/02\/Hazay_family_daszek_1-768x512.webp 768w, https:\/\/hazaybikes.com\/wp-content\/uploads\/2024\/02\/Hazay_family_daszek_1-1536x1024.webp 1536w, https:\/\/hazaybikes.com\/wp-content\/uploads\/2024\/02\/Hazay_family_daszek_1-2048x1365.webp 2048w, https:\/\/hazaybikes.com\/wp-content\/uploads\/2024\/02\/Hazay_family_daszek_1-1400x933.webp 1400w\" sizes=\"(max-width: 1024px) 100vw, 1024px\" \/><\/p>\n<p style=\"text-align: center;\">Widok na mocowanie daszku do bocznych burt.<\/p>\n<p><img decoding=\"async\" class=\"aligncenter wp-image-8411 size-large\" src=\"https:\/\/hazaybikes.com\/wp-content\/uploads\/2024\/02\/Hazay_family_daszek_3-1024x683.webp\" alt=\"\" width=\"1024\" height=\"683\" srcset=\"https:\/\/hazaybikes.com\/wp-content\/uploads\/2024\/02\/Hazay_family_daszek_3-1024x683.webp 1024w, https:\/\/hazaybikes.com\/wp-content\/uploads\/2024\/02\/Hazay_family_daszek_3-300x200.webp 300w, https:\/\/hazaybikes.com\/wp-content\/uploads\/2024\/02\/Hazay_family_daszek_3-768x512.webp 768w, https:\/\/hazaybikes.com\/wp-content\/uploads\/2024\/02\/Hazay_family_daszek_3-1536x1024.webp 1536w, https:\/\/hazaybikes.com\/wp-content\/uploads\/2024\/02\/Hazay_family_daszek_3-2048x1365.webp 2048w, https:\/\/hazaybikes.com\/wp-content\/uploads\/2024\/02\/Hazay_family_daszek_3-1400x933.webp 1400w\" sizes=\"(max-width: 1024px) 100vw, 1024px\" \/><\/p>\n","protected":false},"excerpt":{"rendered":"<p>Daszek dla roweru cargo sprawdzi si\u0119 podczas deszczu, aby Twoje pociechy nie zmok\u0142y, a w trakcie letnich wypraw zapewni im ochron\u0119 przed s\u0142o\u0144cem. Daszek posiada 2 zwijane panele boczne, kt\u00f3re mo\u017cna odchyli\u0107 do g\u00f3ry dla szybkiego dost\u0119pu. Konstrukcja zosta\u0142a wykonana z wysokiej jako\u015bci Cordury. Wyprodukowano w Polsce.<\/p>\n","protected":false},"featured_media":7199,"comment_status":"open","ping_status":"closed","template":"","meta":[],"product_brand":[],"product_cat":[59],"product_tag":[],"class_list":{"0":"post-7239","1":"product","2":"type-product","3":"status-publish","4":"has-post-thumbnail","6":"product_cat-akcesoria","8":"first","9":"instock","10":"taxable","11":"shipping-taxable","12":"purchasable","13":"product-type-simple"},"_links":{"self":[{"href":"https:\/\/hazaybikes.com\/pl\/wp-json\/wp\/v2\/product\/7239","targetHints":{"allow":["GET"]}}],"collection":[{"href":"https:\/\/hazaybikes.com\/pl\/wp-json\/wp\/v2\/product"}],"about":[{"href":"https:\/\/hazaybikes.com\/pl\/wp-json\/wp\/v2\/types\/product"}],"replies":[{"embeddable":true,"href":"https:\/\/hazaybikes.com\/pl\/wp-json\/wp\/v2\/comments?post=7239"}],"version-history":[{"count":0,"href":"https:\/\/hazaybikes.com\/pl\/wp-json\/wp\/v2\/product\/7239\/revisions"}],"wp:featuredmedia":[{"embeddable":true,"href":"https:\/\/hazaybikes.com\/pl\/wp-json\/wp\/v2\/media\/7199"}],"wp:attachment":[{"href":"https:\/\/hazaybikes.com\/pl\/wp-json\/wp\/v2\/media?parent=7239"}],"wp:term":[{"taxonomy":"product_brand","embeddable":true,"href":"https:\/\/hazaybikes.com\/pl\/wp-json\/wp\/v2\/product_brand?post=7239"},{"taxonomy":"product_cat","embeddable":true,"href":"https:\/\/hazaybikes.com\/pl\/wp-json\/wp\/v2\/product_cat?post=7239"},{"taxonomy":"product_tag","embeddable":true,"href":"https:\/\/hazaybikes.com\/pl\/wp-json\/wp\/v2\/product_tag?post=7239"}],"curies":[{"name":"wp","href":"https:\/\/api.w.org\/{rel}","templated":true}]}}