{"id":7236,"date":"2023-10-10T05:33:34","date_gmt":"2023-10-10T05:33:34","guid":{"rendered":"https:\/\/hazaybikes.com\/?post_type=product&#038;p=7236"},"modified":"2024-02-03T11:52:55","modified_gmt":"2024-02-03T11:52:55","slug":"siedzisko-dla-dzieci","status":"publish","type":"product","link":"https:\/\/hazaybikes.com\/pl\/produkt\/siedzisko-dla-dzieci\/","title":{"rendered":"Siedzisko dla Dzieci"},"content":{"rendered":"<p>Siedzisko zosta\u0142o zaprojektowane dla dw\u00f3jki dzieci mi\u0119dzy 2, a 7 rokiem \u017cycia. Zastosowane pasy 3-punktowe posiadaj\u0105 regulacj\u0119 wysoko\u015bci, a ca\u0142o\u015b\u0107 mocowana jest do szyn airline znajduj\u0105cych si\u0119 w pod\u0142odze. Siedzisko i oparcie wykonano z tworzywa i wyko\u0144czono wodoodporn\u0105 piank\u0105, kt\u00f3ra zapewnia komfort podczas podr\u00f3\u017cy.<\/p>\n<p>Siedzisko dla dzieci jest kompatybilne z rowerami Hazay wyposa\u017conymi w szyny airline: Family i Buddy (za wyj\u0105tkiem wersji z boxem cargo).<\/p>\n<p>Monta\u017c siedziska jest \u0142atwy i szybki, nie wymaga u\u017cycia narz\u0119dzi i zajmuje oko\u0142o 2 minuty. Siedzisko jest przymocowane do szyn airline za pomoc\u0105 4 specjalnych adapter\u00f3w z nakr\u0119tkami.<\/p>\n<p><img fetchpriority=\"high\" decoding=\"async\" class=\"aligncenter wp-image-8419 size-large\" src=\"https:\/\/hazaybikes.com\/wp-content\/uploads\/2024\/02\/Hazay_family_siedzisko_1-1024x683.webp\" alt=\"\" width=\"1024\" height=\"683\" srcset=\"https:\/\/hazaybikes.com\/wp-content\/uploads\/2024\/02\/Hazay_family_siedzisko_1-1024x683.webp 1024w, https:\/\/hazaybikes.com\/wp-content\/uploads\/2024\/02\/Hazay_family_siedzisko_1-300x200.webp 300w, https:\/\/hazaybikes.com\/wp-content\/uploads\/2024\/02\/Hazay_family_siedzisko_1-768x512.webp 768w, https:\/\/hazaybikes.com\/wp-content\/uploads\/2024\/02\/Hazay_family_siedzisko_1-1536x1024.webp 1536w, https:\/\/hazaybikes.com\/wp-content\/uploads\/2024\/02\/Hazay_family_siedzisko_1-2048x1365.webp 2048w, https:\/\/hazaybikes.com\/wp-content\/uploads\/2024\/02\/Hazay_family_siedzisko_1-1400x933.webp 1400w\" sizes=\"(max-width: 1024px) 100vw, 1024px\" \/><\/p>\n<p><img decoding=\"async\" class=\"aligncenter wp-image-8425 size-large\" src=\"https:\/\/hazaybikes.com\/wp-content\/uploads\/2023\/01\/Hazay_family_siedzisko_2-1024x683.webp\" alt=\"\" width=\"1024\" height=\"683\" srcset=\"https:\/\/hazaybikes.com\/wp-content\/uploads\/2023\/01\/Hazay_family_siedzisko_2-1024x683.webp 1024w, https:\/\/hazaybikes.com\/wp-content\/uploads\/2023\/01\/Hazay_family_siedzisko_2-300x200.webp 300w, https:\/\/hazaybikes.com\/wp-content\/uploads\/2023\/01\/Hazay_family_siedzisko_2-768x512.webp 768w, https:\/\/hazaybikes.com\/wp-content\/uploads\/2023\/01\/Hazay_family_siedzisko_2-1536x1024.webp 1536w, https:\/\/hazaybikes.com\/wp-content\/uploads\/2023\/01\/Hazay_family_siedzisko_2-2048x1365.webp 2048w, https:\/\/hazaybikes.com\/wp-content\/uploads\/2023\/01\/Hazay_family_siedzisko_2-1400x933.webp 1400w\" sizes=\"(max-width: 1024px) 100vw, 1024px\" \/><\/p>\n<p>&nbsp;<\/p>\n","protected":false},"excerpt":{"rendered":"<p>Siedzisko zosta\u0142o zaprojektowane dla dw\u00f3jki dzieci mi\u0119dzy 2, a 7 rokiem \u017cycia. Zastosowane pasy 3-punktowe posiadaj\u0105 regulacj\u0119 wysoko\u015bci, a ca\u0142o\u015b\u0107 mocowana jest do szyn airline znajduj\u0105cych si\u0119 w pod\u0142odze. Siedzisko i oparcie wykonano z tworzywa i wyko\u0144czono wodoodporn\u0105 piank\u0105, kt\u00f3ra zapewnia komfort podczas podr\u00f3\u017cy.<\/p>\n","protected":false},"featured_media":7203,"comment_status":"open","ping_status":"closed","template":"","meta":[],"product_brand":[],"product_cat":[59],"product_tag":[],"class_list":{"0":"post-7236","1":"product","2":"type-product","3":"status-publish","4":"has-post-thumbnail","6":"product_cat-akcesoria","8":"first","9":"instock","10":"taxable","11":"shipping-taxable","12":"purchasable","13":"product-type-simple"},"_links":{"self":[{"href":"https:\/\/hazaybikes.com\/pl\/wp-json\/wp\/v2\/product\/7236","targetHints":{"allow":["GET"]}}],"collection":[{"href":"https:\/\/hazaybikes.com\/pl\/wp-json\/wp\/v2\/product"}],"about":[{"href":"https:\/\/hazaybikes.com\/pl\/wp-json\/wp\/v2\/types\/product"}],"replies":[{"embeddable":true,"href":"https:\/\/hazaybikes.com\/pl\/wp-json\/wp\/v2\/comments?post=7236"}],"version-history":[{"count":0,"href":"https:\/\/hazaybikes.com\/pl\/wp-json\/wp\/v2\/product\/7236\/revisions"}],"wp:featuredmedia":[{"embeddable":true,"href":"https:\/\/hazaybikes.com\/pl\/wp-json\/wp\/v2\/media\/7203"}],"wp:attachment":[{"href":"https:\/\/hazaybikes.com\/pl\/wp-json\/wp\/v2\/media?parent=7236"}],"wp:term":[{"taxonomy":"product_brand","embeddable":true,"href":"https:\/\/hazaybikes.com\/pl\/wp-json\/wp\/v2\/product_brand?post=7236"},{"taxonomy":"product_cat","embeddable":true,"href":"https:\/\/hazaybikes.com\/pl\/wp-json\/wp\/v2\/product_cat?post=7236"},{"taxonomy":"product_tag","embeddable":true,"href":"https:\/\/hazaybikes.com\/pl\/wp-json\/wp\/v2\/product_tag?post=7236"}],"curies":[{"name":"wp","href":"https:\/\/api.w.org\/{rel}","templated":true}]}}