{"id":7234,"date":"2023-10-10T05:32:44","date_gmt":"2023-10-10T05:32:44","guid":{"rendered":"https:\/\/hazaybikes.com\/?post_type=product&#038;p=7234"},"modified":"2024-02-02T15:22:15","modified_gmt":"2024-02-02T15:22:15","slug":"panele-boczne","status":"publish","type":"product","link":"https:\/\/hazaybikes.com\/pl\/produkt\/panele-boczne\/","title":{"rendered":"Panele Boczne"},"content":{"rendered":"<p>Przestrze\u0144 towarowa sk\u0142ada si\u0119 z pod\u0142ogi i paneli bocznych, kt\u00f3re s\u0105 opcjonalne dla Hazay Buddy. Boczne burty posiadaj\u0105 szereg wyci\u0119\u0107, zwi\u0119kszaj\u0105cych mo\u017cliwo\u015bci mocowania przewo\u017conych \u0142adunk\u00f3w, a dodatkowo zosta\u0142y wykonane z wysokiej jako\u015bci tworzywa odpornego na dzia\u0142anie UV oraz zarysowania. Wszystkie panele \u0142atwo mo\u017cna wymieni\u0107 w razie uszkodzenia.<\/p>\n<p>Panele boczne s\u0105 standardowym wyposa\u017ceniem dla rower\u00f3w Family, s\u0105 opcjonalne dla Hazay Buddy.<\/p>\n<p><img fetchpriority=\"high\" decoding=\"async\" class=\"aligncenter wp-image-8403 \" src=\"https:\/\/hazaybikes.com\/wp-content\/uploads\/2024\/02\/hazay_family_baza_1-1024x683.webp\" alt=\"\" width=\"1024\" height=\"683\" srcset=\"https:\/\/hazaybikes.com\/wp-content\/uploads\/2024\/02\/hazay_family_baza_1-1024x683.webp 1024w, https:\/\/hazaybikes.com\/wp-content\/uploads\/2024\/02\/hazay_family_baza_1-300x200.webp 300w, https:\/\/hazaybikes.com\/wp-content\/uploads\/2024\/02\/hazay_family_baza_1-768x512.webp 768w, https:\/\/hazaybikes.com\/wp-content\/uploads\/2024\/02\/hazay_family_baza_1-1536x1024.webp 1536w, https:\/\/hazaybikes.com\/wp-content\/uploads\/2024\/02\/hazay_family_baza_1-2048x1365.webp 2048w, https:\/\/hazaybikes.com\/wp-content\/uploads\/2024\/02\/hazay_family_baza_1-1400x933.webp 1400w\" sizes=\"(max-width: 1024px) 100vw, 1024px\" \/><\/p>\n<p><img decoding=\"async\" class=\"aligncenter wp-image-8405 size-large\" src=\"https:\/\/hazaybikes.com\/wp-content\/uploads\/2024\/02\/Hazay_family_baza_2-1024x683.webp\" alt=\"\" width=\"1024\" height=\"683\" srcset=\"https:\/\/hazaybikes.com\/wp-content\/uploads\/2024\/02\/Hazay_family_baza_2-1024x683.webp 1024w, https:\/\/hazaybikes.com\/wp-content\/uploads\/2024\/02\/Hazay_family_baza_2-300x200.webp 300w, https:\/\/hazaybikes.com\/wp-content\/uploads\/2024\/02\/Hazay_family_baza_2-768x512.webp 768w, https:\/\/hazaybikes.com\/wp-content\/uploads\/2024\/02\/Hazay_family_baza_2-1536x1024.webp 1536w, https:\/\/hazaybikes.com\/wp-content\/uploads\/2024\/02\/Hazay_family_baza_2-2048x1365.webp 2048w, https:\/\/hazaybikes.com\/wp-content\/uploads\/2024\/02\/Hazay_family_baza_2-1400x933.webp 1400w\" sizes=\"(max-width: 1024px) 100vw, 1024px\" \/><\/p>\n","protected":false},"excerpt":{"rendered":"<p>Przestrze\u0144 towarowa sk\u0142ada si\u0119 z pod\u0142ogi i paneli bocznych, kt\u00f3re s\u0105 opcjonalne dla Hazay Buddy. Elementy boxa posiadaj\u0105 szereg wyci\u0119\u0107, zwi\u0119kszaj\u0105cych mo\u017cliwo\u015bci mocowania przewo\u017conych \u0142adunk\u00f3w, a dodatkowo zosta\u0142y wykonane z wysokiej jako\u015bci tworzywa odpornego na dzia\u0142anie UV oraz zarysowania. Wszystkie panele \u0142atwo mo\u017cna wymieni\u0107 w razie uszkodzenia.<\/p>\n","protected":false},"featured_media":7201,"comment_status":"open","ping_status":"closed","template":"","meta":[],"product_brand":[],"product_cat":[59],"product_tag":[],"class_list":{"0":"post-7234","1":"product","2":"type-product","3":"status-publish","4":"has-post-thumbnail","6":"product_cat-akcesoria","8":"first","9":"instock","10":"taxable","11":"shipping-taxable","12":"purchasable","13":"product-type-simple"},"_links":{"self":[{"href":"https:\/\/hazaybikes.com\/pl\/wp-json\/wp\/v2\/product\/7234","targetHints":{"allow":["GET"]}}],"collection":[{"href":"https:\/\/hazaybikes.com\/pl\/wp-json\/wp\/v2\/product"}],"about":[{"href":"https:\/\/hazaybikes.com\/pl\/wp-json\/wp\/v2\/types\/product"}],"replies":[{"embeddable":true,"href":"https:\/\/hazaybikes.com\/pl\/wp-json\/wp\/v2\/comments?post=7234"}],"version-history":[{"count":0,"href":"https:\/\/hazaybikes.com\/pl\/wp-json\/wp\/v2\/product\/7234\/revisions"}],"wp:featuredmedia":[{"embeddable":true,"href":"https:\/\/hazaybikes.com\/pl\/wp-json\/wp\/v2\/media\/7201"}],"wp:attachment":[{"href":"https:\/\/hazaybikes.com\/pl\/wp-json\/wp\/v2\/media?parent=7234"}],"wp:term":[{"taxonomy":"product_brand","embeddable":true,"href":"https:\/\/hazaybikes.com\/pl\/wp-json\/wp\/v2\/product_brand?post=7234"},{"taxonomy":"product_cat","embeddable":true,"href":"https:\/\/hazaybikes.com\/pl\/wp-json\/wp\/v2\/product_cat?post=7234"},{"taxonomy":"product_tag","embeddable":true,"href":"https:\/\/hazaybikes.com\/pl\/wp-json\/wp\/v2\/product_tag?post=7234"}],"curies":[{"name":"wp","href":"https:\/\/api.w.org\/{rel}","templated":true}]}}