{"id":7232,"date":"2023-10-10T05:31:14","date_gmt":"2023-10-10T05:31:14","guid":{"rendered":"https:\/\/hazaybikes.com\/?post_type=product&#038;p=7232"},"modified":"2024-10-23T08:29:31","modified_gmt":"2024-10-23T08:29:31","slug":"box-cargo","status":"publish","type":"product","link":"https:\/\/hazaybikes.com\/pl\/produkt\/box-cargo\/","title":{"rendered":"Box Cargo"},"content":{"rendered":"<p>Box cargo o pojemno\u015bci 250L i \u0142adowno\u015bci do 100kg idealnie sprawdzi si\u0119 przewozu wi\u0119kszych rzeczy na Twoim rowerze cargo. Box jest wykonany z lekkiego aluminium. G\u00f3rna klapa, wyposa\u017cona w si\u0142owniki, pozwala na \u0142atwy za\u0142adunek, a zamkni\u0119cie zatrzaskowe na klucz zapewnia bezpiecze\u0144stwo przechowywanych rzeczy.<\/p>\n<p>Box jest montowany bezpo\u015brednio do ramy roweru cargo, co oznacza, \u017ce w tej konfiguracji nie ma szyn airline ani pod\u0142ogi z tworzywa w przestrzeni \u0142adunkowej. Box jest kompatybilny z modelem Hazay Buddy.<\/p>\n<p>Istnieje mo\u017cliwo\u015b\u0107 dodatkowej personalizacji boxa, takiej jak zmiana koloru czy grafiki. Oferujemy tak\u017ce dostosowany do Twojego biznesu branding. Aby dowiedzie\u0107 si\u0119 wi\u0119cej na ten temat, zach\u0119camy do <a href=\"https:\/\/hazaybikes.com\/pl\/kontakt\/\">kontaktu<\/a>.<\/p>\n<p><img fetchpriority=\"high\" decoding=\"async\" class=\"aligncenter wp-image-8393 size-large\" src=\"https:\/\/hazaybikes.com\/wp-content\/uploads\/2024\/02\/Hazay_buddy_box_1-1024x683.webp\" alt=\"\" width=\"1024\" height=\"683\" srcset=\"https:\/\/hazaybikes.com\/wp-content\/uploads\/2024\/02\/Hazay_buddy_box_1-1024x683.webp 1024w, https:\/\/hazaybikes.com\/wp-content\/uploads\/2024\/02\/Hazay_buddy_box_1-300x200.webp 300w, https:\/\/hazaybikes.com\/wp-content\/uploads\/2024\/02\/Hazay_buddy_box_1-768x512.webp 768w, https:\/\/hazaybikes.com\/wp-content\/uploads\/2024\/02\/Hazay_buddy_box_1-1536x1024.webp 1536w, https:\/\/hazaybikes.com\/wp-content\/uploads\/2024\/02\/Hazay_buddy_box_1-2048x1365.webp 2048w, https:\/\/hazaybikes.com\/wp-content\/uploads\/2024\/02\/Hazay_buddy_box_1-1400x933.webp 1400w\" sizes=\"(max-width: 1024px) 100vw, 1024px\" \/><\/p>\n<p><img decoding=\"async\" class=\"aligncenter wp-image-8395 size-large\" src=\"https:\/\/hazaybikes.com\/wp-content\/uploads\/2024\/02\/Hazay_buddy_box_2-1024x683.webp\" alt=\"\" width=\"1024\" height=\"683\" srcset=\"https:\/\/hazaybikes.com\/wp-content\/uploads\/2024\/02\/Hazay_buddy_box_2-1024x683.webp 1024w, https:\/\/hazaybikes.com\/wp-content\/uploads\/2024\/02\/Hazay_buddy_box_2-300x200.webp 300w, https:\/\/hazaybikes.com\/wp-content\/uploads\/2024\/02\/Hazay_buddy_box_2-768x512.webp 768w, https:\/\/hazaybikes.com\/wp-content\/uploads\/2024\/02\/Hazay_buddy_box_2-1536x1024.webp 1536w, https:\/\/hazaybikes.com\/wp-content\/uploads\/2024\/02\/Hazay_buddy_box_2-2048x1365.webp 2048w, https:\/\/hazaybikes.com\/wp-content\/uploads\/2024\/02\/Hazay_buddy_box_2-1400x933.webp 1400w\" sizes=\"(max-width: 1024px) 100vw, 1024px\" \/><\/p>\n<p><img decoding=\"async\" class=\"aligncenter wp-image-8397 size-large\" src=\"https:\/\/hazaybikes.com\/wp-content\/uploads\/2024\/02\/Hazay_buddy_box_3-1024x853.webp\" alt=\"\" width=\"1024\" height=\"853\" srcset=\"https:\/\/hazaybikes.com\/wp-content\/uploads\/2024\/02\/Hazay_buddy_box_3-1024x853.webp 1024w, https:\/\/hazaybikes.com\/wp-content\/uploads\/2024\/02\/Hazay_buddy_box_3-300x250.webp 300w, https:\/\/hazaybikes.com\/wp-content\/uploads\/2024\/02\/Hazay_buddy_box_3-768x640.webp 768w, https:\/\/hazaybikes.com\/wp-content\/uploads\/2024\/02\/Hazay_buddy_box_3-1536x1280.webp 1536w, https:\/\/hazaybikes.com\/wp-content\/uploads\/2024\/02\/Hazay_buddy_box_3-2048x1707.webp 2048w, https:\/\/hazaybikes.com\/wp-content\/uploads\/2024\/02\/Hazay_buddy_box_3-1400x1167.webp 1400w\" sizes=\"(max-width: 1024px) 100vw, 1024px\" \/><\/p>\n","protected":false},"excerpt":{"rendered":"<p>Box cargo o pojemno\u015bci 250L i \u0142adowno\u015bci do 100kg idealnie sprawdzi si\u0119 przewozu wi\u0119kszych rzeczy na Twoim rowerze cargo. Box jest wykonany z lekkiego aluminium. G\u00f3rna klapa, wyposa\u017cona w si\u0142owniki, pozwala na \u0142atwy za\u0142adunek, a zamkni\u0119cie zatrzaskowe na klucz zapewnia bezpiecze\u0144stwo przechowywanych rzeczy.<\/p>\n","protected":false},"featured_media":7197,"comment_status":"open","ping_status":"closed","template":"","meta":[],"product_brand":[],"product_cat":[59],"product_tag":[],"class_list":{"0":"post-7232","1":"product","2":"type-product","3":"status-publish","4":"has-post-thumbnail","6":"product_cat-akcesoria","8":"first","9":"instock","10":"taxable","11":"shipping-taxable","12":"purchasable","13":"product-type-simple"},"_links":{"self":[{"href":"https:\/\/hazaybikes.com\/pl\/wp-json\/wp\/v2\/product\/7232","targetHints":{"allow":["GET"]}}],"collection":[{"href":"https:\/\/hazaybikes.com\/pl\/wp-json\/wp\/v2\/product"}],"about":[{"href":"https:\/\/hazaybikes.com\/pl\/wp-json\/wp\/v2\/types\/product"}],"replies":[{"embeddable":true,"href":"https:\/\/hazaybikes.com\/pl\/wp-json\/wp\/v2\/comments?post=7232"}],"version-history":[{"count":1,"href":"https:\/\/hazaybikes.com\/pl\/wp-json\/wp\/v2\/product\/7232\/revisions"}],"predecessor-version":[{"id":9497,"href":"https:\/\/hazaybikes.com\/pl\/wp-json\/wp\/v2\/product\/7232\/revisions\/9497"}],"wp:featuredmedia":[{"embeddable":true,"href":"https:\/\/hazaybikes.com\/pl\/wp-json\/wp\/v2\/media\/7197"}],"wp:attachment":[{"href":"https:\/\/hazaybikes.com\/pl\/wp-json\/wp\/v2\/media?parent=7232"}],"wp:term":[{"taxonomy":"product_brand","embeddable":true,"href":"https:\/\/hazaybikes.com\/pl\/wp-json\/wp\/v2\/product_brand?post=7232"},{"taxonomy":"product_cat","embeddable":true,"href":"https:\/\/hazaybikes.com\/pl\/wp-json\/wp\/v2\/product_cat?post=7232"},{"taxonomy":"product_tag","embeddable":true,"href":"https:\/\/hazaybikes.com\/pl\/wp-json\/wp\/v2\/product_tag?post=7232"}],"curies":[{"name":"wp","href":"https:\/\/api.w.org\/{rel}","templated":true}]}}