{"id":3746,"date":"2023-01-19T16:25:00","date_gmt":"2023-01-19T16:25:00","guid":{"rendered":"https:\/\/dev.hazaybikes.com\/?post_type=product&#038;p=3746"},"modified":"2024-10-23T08:35:56","modified_gmt":"2024-10-23T08:35:56","slug":"hazay-buddy","status":"publish","type":"product","link":"https:\/\/hazaybikes.com\/pl\/produkt\/hazay-buddy\/","title":{"rendered":"Hazay Buddy &#8211; Elektryczny Rower Cargo"},"content":{"rendered":"<p>Hazay Buddy to elektryczny rower cargo. Potrzebujesz najlepszych i niezawodnych narz\u0119dzi, by rozwija\u0107 sw\u00f3j biznes. Mo\u017cesz liczy\u0107 na Hazaya i jego w pe\u0142ni dopasowan\u0105 pak\u0119 z demontowalnymi pa\u0142\u0105kami.<\/p>\n","protected":false},"excerpt":{"rendered":"<p>Hazay Buddy to elektryczny rower cargo. Potrzebujesz najlepszych i niezawodnych narz\u0119dzi, by rozwija\u0107 sw\u00f3j biznes. Mo\u017cesz liczy\u0107 na Hazaya i jego w pe\u0142ni dopasowan\u0105 pak\u0119 z demontowalnymi pa\u0142\u0105kami.<\/p>\n","protected":false},"featured_media":8371,"comment_status":"open","ping_status":"closed","template":"","meta":[],"product_brand":[],"product_cat":[51,55],"product_tag":[],"class_list":{"0":"post-3746","1":"product","2":"type-product","3":"status-publish","4":"has-post-thumbnail","6":"product_cat-rowery-cargo","7":"product_cat-hazay-business","9":"first","10":"instock","11":"taxable","12":"shipping-taxable","13":"purchasable","14":"product-type-variable","15":"has-default-attributes"},"_links":{"self":[{"href":"https:\/\/hazaybikes.com\/pl\/wp-json\/wp\/v2\/product\/3746","targetHints":{"allow":["GET"]}}],"collection":[{"href":"https:\/\/hazaybikes.com\/pl\/wp-json\/wp\/v2\/product"}],"about":[{"href":"https:\/\/hazaybikes.com\/pl\/wp-json\/wp\/v2\/types\/product"}],"replies":[{"embeddable":true,"href":"https:\/\/hazaybikes.com\/pl\/wp-json\/wp\/v2\/comments?post=3746"}],"version-history":[{"count":0,"href":"https:\/\/hazaybikes.com\/pl\/wp-json\/wp\/v2\/product\/3746\/revisions"}],"wp:featuredmedia":[{"embeddable":true,"href":"https:\/\/hazaybikes.com\/pl\/wp-json\/wp\/v2\/media\/8371"}],"wp:attachment":[{"href":"https:\/\/hazaybikes.com\/pl\/wp-json\/wp\/v2\/media?parent=3746"}],"wp:term":[{"taxonomy":"product_brand","embeddable":true,"href":"https:\/\/hazaybikes.com\/pl\/wp-json\/wp\/v2\/product_brand?post=3746"},{"taxonomy":"product_cat","embeddable":true,"href":"https:\/\/hazaybikes.com\/pl\/wp-json\/wp\/v2\/product_cat?post=3746"},{"taxonomy":"product_tag","embeddable":true,"href":"https:\/\/hazaybikes.com\/pl\/wp-json\/wp\/v2\/product_tag?post=3746"}],"curies":[{"name":"wp","href":"https:\/\/api.w.org\/{rel}","templated":true}]}}