{"id":3098,"date":"2023-01-11T17:06:07","date_gmt":"2023-01-11T17:06:07","guid":{"rendered":"https:\/\/dev.hazaybikes.com\/?post_type=product&#038;p=3098"},"modified":"2024-02-02T11:12:51","modified_gmt":"2024-02-02T11:12:51","slug":"hazay-family","status":"publish","type":"product","link":"https:\/\/hazaybikes.com\/pl\/produkt\/hazay-family\/","title":{"rendered":"Hazay Family &#8211; Elektryczny Rower Cargo"},"content":{"rendered":"<p>Hazay Family to elektryczny rower cargo idealny do wo\u017cenia dzieci, zakup\u00f3w, a przy okazji nietracenia czasu i pieni\u0119dzy w korkach!<\/p>\n","protected":false},"excerpt":{"rendered":"<p>Hazay Family to elektryczny rower cargo idealny do wo\u017cenia dzieci, zakup\u00f3w, a przy okazji nietracenia czasu i pieni\u0119dzy w korkach!<\/p>\n","protected":false},"featured_media":8373,"comment_status":"open","ping_status":"closed","template":"","meta":[],"product_brand":[],"product_cat":[52,51],"product_tag":[],"class_list":{"0":"post-3098","1":"product","2":"type-product","3":"status-publish","4":"has-post-thumbnail","6":"product_cat-hazay-family","7":"product_cat-rowery-cargo","9":"first","10":"instock","11":"taxable","12":"shipping-taxable","13":"purchasable","14":"product-type-variable","15":"has-default-attributes"},"_links":{"self":[{"href":"https:\/\/hazaybikes.com\/pl\/wp-json\/wp\/v2\/product\/3098","targetHints":{"allow":["GET"]}}],"collection":[{"href":"https:\/\/hazaybikes.com\/pl\/wp-json\/wp\/v2\/product"}],"about":[{"href":"https:\/\/hazaybikes.com\/pl\/wp-json\/wp\/v2\/types\/product"}],"replies":[{"embeddable":true,"href":"https:\/\/hazaybikes.com\/pl\/wp-json\/wp\/v2\/comments?post=3098"}],"version-history":[{"count":0,"href":"https:\/\/hazaybikes.com\/pl\/wp-json\/wp\/v2\/product\/3098\/revisions"}],"wp:featuredmedia":[{"embeddable":true,"href":"https:\/\/hazaybikes.com\/pl\/wp-json\/wp\/v2\/media\/8373"}],"wp:attachment":[{"href":"https:\/\/hazaybikes.com\/pl\/wp-json\/wp\/v2\/media?parent=3098"}],"wp:term":[{"taxonomy":"product_brand","embeddable":true,"href":"https:\/\/hazaybikes.com\/pl\/wp-json\/wp\/v2\/product_brand?post=3098"},{"taxonomy":"product_cat","embeddable":true,"href":"https:\/\/hazaybikes.com\/pl\/wp-json\/wp\/v2\/product_cat?post=3098"},{"taxonomy":"product_tag","embeddable":true,"href":"https:\/\/hazaybikes.com\/pl\/wp-json\/wp\/v2\/product_tag?post=3098"}],"curies":[{"name":"wp","href":"https:\/\/api.w.org\/{rel}","templated":true}]}}